{"id":102,"date":"2024-06-24T13:12:51","date_gmt":"2024-06-24T11:12:51","guid":{"rendered":"https:\/\/emcu.fr\/?page_id=102"},"modified":"2024-06-24T13:12:52","modified_gmt":"2024-06-24T11:12:52","slug":"le-chef-dorchestre","status":"publish","type":"page","link":"https:\/\/emcu.fr\/index.php\/qui-sommes-nous-2\/le-chef-dorchestre\/","title":{"rendered":"Le chef d&rsquo;orchestre"},"content":{"rendered":"<div class=\"wp-block-image\">\n<figure class=\"alignleft size-large is-resized\"><img loading=\"lazy\" decoding=\"async\" width=\"1024\" height=\"576\" src=\"https:\/\/emcu.fr\/wp-content\/uploads\/2024\/06\/Cedric-Chef-1024x576.jpg\" alt=\"\" class=\"wp-image-104\" style=\"width:416px;height:auto\" srcset=\"https:\/\/emcu.fr\/wp-content\/uploads\/2024\/06\/Cedric-Chef-1024x576.jpg 1024w, https:\/\/emcu.fr\/wp-content\/uploads\/2024\/06\/Cedric-Chef-300x169.jpg 300w, https:\/\/emcu.fr\/wp-content\/uploads\/2024\/06\/Cedric-Chef-768x432.jpg 768w, https:\/\/emcu.fr\/wp-content\/uploads\/2024\/06\/Cedric-Chef-990x556.jpg 990w, https:\/\/emcu.fr\/wp-content\/uploads\/2024\/06\/Cedric-Chef.jpg 1521w\" sizes=\"auto, (max-width: 1024px) 100vw, 1024px\" \/><\/figure>\n<\/div>\n\n\n<p>Apr\u00e8s des \u00e9tudes musicales dans la r\u00e9gion grenobloise, C\u00e9dric Rossero entre au Conservatoire National Sup\u00e9rieur de Musique et de Danse de Paris dans la classe d&rsquo;Euphonium en 2005 o\u00f9 il obtient en 2008 son DFS mention Tr\u00e8s Bien \u00e0 l&rsquo;unanimit\u00e9. Pendant ce temps-l\u00e0 il int\u00e8gre l&rsquo;orchestre de la Musique de l&rsquo;air de Paris, sous la baguette de Claude Kesmaecker au poste d&rsquo;euphonium co-soliste. Poste qu&rsquo;il occupera jusqu&rsquo;en 2023 avant de se recentrer sur la r\u00e9gion grenobloise.<br>Professeur de cuivres dans diff\u00e9rents conservatoires et \u00e9coles de musique du Gr\u00e9sivaudan, il est \u00e9galement chef d&rsquo;orchestre depuis de nombreuses ann\u00e9es. Le Brass-Band Accords, l&rsquo;Harmonie d&rsquo;Eybens-Poisat, l&rsquo;ensemble de cuivres E=mCu font partie de ses ensembles r\u00e9guliers.<br>Il est r\u00e9guli\u00e8rement amen\u00e9 \u00e0 \u00eatre invit\u00e9 en tant que musicien suppl\u00e9mentaire avec des orchestres tels que l&rsquo;Op\u00e9ra de Paris, l&rsquo;Orchestre National de France, l&rsquo;Orchestre National de Lyon\u2026\u00a0\u00bb<\/p>\n","protected":false},"excerpt":{"rendered":"<p>Apr\u00e8s des \u00e9tudes musicales dans la r\u00e9gion grenobloise, C\u00e9dric Rossero entre au Conservatoire National Sup\u00e9rieur de Musique et de Danse de Paris dans la classe d&rsquo;Euphonium en 2005 o\u00f9 il obtient en 2008 son DFS mention Tr\u00e8s Bien \u00e0 l&rsquo;unanimit\u00e9. Pendant ce temps-l\u00e0 il int\u00e8gre l&rsquo;orchestre de la Musique de l&rsquo;air de Paris, sous la baguette de Claude Kesmaecker au poste d&rsquo;euphonium co-soliste. Poste qu&rsquo;il occupera jusqu&rsquo;en 2023 avant de se recentrer sur la r\u00e9gion grenobloise.Professeur de cuivres dans diff\u00e9rents conservatoires et \u00e9coles de musique du Gr\u00e9sivaudan, il est \u00e9galement chef d&rsquo;orchestre depuis de nombreuses ann\u00e9es. Le Brass-Band Accords, l&rsquo;Harmonie d&rsquo;Eybens-Poisat, l&rsquo;ensemble de cuivres E=mCu font partie de ses ensembles r\u00e9guliers.Il est r\u00e9guli\u00e8rement amen\u00e9 \u00e0 \u00eatre invit\u00e9 en tant que musicien suppl\u00e9mentaire avec des orchestres tels que l&rsquo;Op\u00e9ra de Paris, l&rsquo;Orchestre National de France, l&rsquo;Orchestre National de Lyon\u2026\u00a0\u00bb<\/p>\n","protected":false},"author":1,"featured_media":104,"parent":29,"menu_order":0,"comment_status":"closed","ping_status":"closed","template":"","meta":{"footnotes":""},"class_list":["post-102","page","type-page","status-publish","has-post-thumbnail","hentry"],"_links":{"self":[{"href":"https:\/\/emcu.fr\/index.php\/wp-json\/wp\/v2\/pages\/102","targetHints":{"allow":["GET"]}}],"collection":[{"href":"https:\/\/emcu.fr\/index.php\/wp-json\/wp\/v2\/pages"}],"about":[{"href":"https:\/\/emcu.fr\/index.php\/wp-json\/wp\/v2\/types\/page"}],"author":[{"embeddable":true,"href":"https:\/\/emcu.fr\/index.php\/wp-json\/wp\/v2\/users\/1"}],"replies":[{"embeddable":true,"href":"https:\/\/emcu.fr\/index.php\/wp-json\/wp\/v2\/comments?post=102"}],"version-history":[{"count":3,"href":"https:\/\/emcu.fr\/index.php\/wp-json\/wp\/v2\/pages\/102\/revisions"}],"predecessor-version":[{"id":106,"href":"https:\/\/emcu.fr\/index.php\/wp-json\/wp\/v2\/pages\/102\/revisions\/106"}],"up":[{"embeddable":true,"href":"https:\/\/emcu.fr\/index.php\/wp-json\/wp\/v2\/pages\/29"}],"wp:featuredmedia":[{"embeddable":true,"href":"https:\/\/emcu.fr\/index.php\/wp-json\/wp\/v2\/media\/104"}],"wp:attachment":[{"href":"https:\/\/emcu.fr\/index.php\/wp-json\/wp\/v2\/media?parent=102"}],"curies":[{"name":"wp","href":"https:\/\/api.w.org\/{rel}","templated":true}]}}