{"id":221,"date":"2024-11-04T15:59:12","date_gmt":"2024-11-04T14:59:12","guid":{"rendered":"https:\/\/emcu.fr\/?page_id=221"},"modified":"2024-11-15T10:43:31","modified_gmt":"2024-11-15T09:43:31","slug":"le-jury-de-pre-selection-et-demi-finale","status":"publish","type":"page","link":"https:\/\/emcu.fr\/index.php\/concours-de-composition\/le-jury-de-pre-selection-et-demi-finale\/","title":{"rendered":"Le Jury de pr\u00e9-s\u00e9lection et demi finale"},"content":{"rendered":"\n<p>L&rsquo;ensemble E=mCu est fier de vous pr\u00e9senter les membres du Jury de pr\u00e9-s\u00e9lection et de la demi-finale de son premier concours de composition.<\/p>\n\n\n\n<h2 class=\"wp-block-heading\">Jean-Pierre Gonzalves &#8211; pr\u00e9sident du jury<\/h2>\n\n\n<div class=\"wp-block-image\">\n<figure class=\"aligncenter size-full\"><img loading=\"lazy\" decoding=\"async\" width=\"1000\" height=\"524\" src=\"https:\/\/emcu.fr\/wp-content\/uploads\/2024\/11\/emcu_concours2024-2025_jury1_01.jpg\" alt=\"\" class=\"wp-image-224\" srcset=\"https:\/\/emcu.fr\/wp-content\/uploads\/2024\/11\/emcu_concours2024-2025_jury1_01.jpg 1000w, https:\/\/emcu.fr\/wp-content\/uploads\/2024\/11\/emcu_concours2024-2025_jury1_01-300x157.jpg 300w, https:\/\/emcu.fr\/wp-content\/uploads\/2024\/11\/emcu_concours2024-2025_jury1_01-768x402.jpg 768w\" sizes=\"auto, (max-width: 1000px) 100vw, 1000px\" \/><\/figure>\n<\/div>\n\n\n<p>Natif de Marseille, Jean-Pierre GONZALVES a fait des \u00e9tudes au Conservatoire de Marseille dans les classes de Messieurs Andr\u00e9 BERNARD et Robert DJAMOUSSIAN, o\u00f9 il obtient des m\u00e9dailles d&rsquo;or de trompette, cornet et ensemble de musique instrumentale avec un prix de virtuosit\u00e9.<\/p>\n\n\n\n<p>Il poursuit ses \u00e9tudes au Conservatoire d&rsquo;Aubervilliers dans les classes de Messieurs Fr\u00e9d\u00e9ric et Andr\u00e9 PRESLE o\u00f9 il obtient des premiers prix de trompette et formation musicale.<\/p>\n\n\n\n<p>C&rsquo;est dans la classe de Pierre DUTOT, au <a href=\"https:\/\/www.facebook.com\/profile.php?id=100066555525829&amp;__cft__[0]=AZXHP69dpBjb521Z0cEaFfYPeN3XJuF1OaA7BtKP2mdekls9yPJWkpo1KJP2c3v1OrFp15fU0pHE7_kFxnijwyElvz_YgmLaUqz7T69gwlLhhW6KfqyP7cUNg-HpQOyArnGG2OP7L58r94Rd5u5EjC-slCCb3yCuQ8jhTvbMvOboLTHg37NQoG6cQOG0L-RYgt0&amp;__tn__=-]K-R\">Conservatoire National Sup\u00e9rieur de Musique et de Danse de Lyon<\/a>, qu&rsquo;il termine ses \u00e9tudes en obtenant un Dipl\u00f4me National d\u2019\u00c9tudes Sup\u00e9rieures Musicales avec Mention.<\/p>\n\n\n\n<p>Apr\u00e8s avoir \u00e9t\u00e9 l\u2019assistant de Pierre DUTOT de 1990 \u00e0 1995 \u00e0 l\u2019\u00c9cole Nationale de Musique de Villeurbanne, il est nomm\u00e9 Professeur de trompette au <a href=\"https:\/\/www.facebook.com\/Conservatoire-%C3%A0-rayonnement-r%C3%A9gional-de-Grenoble-258063671025893\/?__cft__[0]=AZXHP69dpBjb521Z0cEaFfYPeN3XJuF1OaA7BtKP2mdekls9yPJWkpo1KJP2c3v1OrFp15fU0pHE7_kFxnijwyElvz_YgmLaUqz7T69gwlLhhW6KfqyP7cUNg-HpQOyArnGG2OP7L58r94Rd5u5EjC-slCCb3yCuQ8jhTvbMvOboLTHg37NQoG6cQOG0L-RYgt0&amp;__tn__=kK-R\">Conservatoire \u00e0 rayonnement r\u00e9gional de Grenoble<\/a> (de 1995 \u00e0 2012).<\/p>\n\n\n\n<p>Actuellement professeur de trompette et coordinateur du d\u00e9partement des cuivres au @Conservatoire \u00e0 Rayonnement R\u00e9gional de Nice, il dirige \u00e9galement le Grand Ensemble de Cuivres et Percussions de cet \u00e9tablissement.<\/p>\n\n\n\n<p>Sa carri\u00e8re d&rsquo;interpr\u00e8te l&rsquo;a conduit \u00e0 se produire dans diff\u00e9rents pays tels que le Mexique, le Qu\u00e9bec, l&rsquo;Autriche, la Gr\u00e8ce et la Turquie notamment.<\/p>\n\n\n\n<p>Musicien polyvalent, il aborde tous les r\u00e9pertoires de la musique : classique, contemporaine, jazz et vari\u00e9t\u00e9.<\/p>\n\n\n\n<p>Il se produit dans diff\u00e9rents orchestres tels que : l\u2019Op\u00e9ra de Nice, l\u2019Op\u00e9ra de Marseille, l\u2019Orchestre des Pays de Savoie, Les Musiciens du Louvre-Grenoble. Il a \u00e9galement eu l\u2019occasion de jouer avec l\u2019ensemble Orchestral contemporain de Lyon.<\/p>\n\n\n\n<p>Il a travaill\u00e9 avec l\u2019ensemble Hypercuivres en collaboration avec l\u2019Orchestre National de Jazz en 2006 et 2007 spectacle Led zeppelin. Sans oublier la vari\u00e9t\u00e9 : tourn\u00e9e d\u2019\u00e9t\u00e9 1999 avec Serge LAMA notamment.<\/p>\n\n\n\n<h2 class=\"wp-block-heading\">Vivian G\u00e9gout<\/h2>\n\n\n<div class=\"wp-block-image\">\n<figure class=\"aligncenter size-full\"><img loading=\"lazy\" decoding=\"async\" width=\"1000\" height=\"524\" src=\"https:\/\/emcu.fr\/wp-content\/uploads\/2024\/11\/emcu_concours2024-2025_jury1_02.jpg\" alt=\"\" class=\"wp-image-223\" srcset=\"https:\/\/emcu.fr\/wp-content\/uploads\/2024\/11\/emcu_concours2024-2025_jury1_02.jpg 1000w, https:\/\/emcu.fr\/wp-content\/uploads\/2024\/11\/emcu_concours2024-2025_jury1_02-300x157.jpg 300w, https:\/\/emcu.fr\/wp-content\/uploads\/2024\/11\/emcu_concours2024-2025_jury1_02-768x402.jpg 768w\" sizes=\"auto, (max-width: 1000px) 100vw, 1000px\" \/><\/figure>\n<\/div>\n\n\n<p>Tout d&rsquo;abord fl\u00fbtiste form\u00e9e dans les Vosges, son parcours musical l&rsquo;a conduite au conservatoire de Lille en classe de jazz, puis au CFMI de Lille pour devenir musicienne intervenante. <\/p>\n\n\n\n<p>Form\u00e9e ensuite \u00e0 la direction de ch\u0153ur elle coordonne la formation des musiciens intervenants du Limousin avec le CFMI de Poitiers puis devient charg\u00e9e de mission voix en Limousin. <\/p>\n\n\n\n<p>Sensible aux instruments \u00e0 vent et en particulier aux cuivres, elle se tourne vers le tuba d&rsquo;abord dans la classe de Christophe RENAUD \u00e0 Limoges puis au Conservatoire de Lille dans la classe de Gabriel CAPET . <\/p>\n\n\n\n<p>En co-encadrement dans diff\u00e9rents orchestres \u00e0 l&rsquo;\u00e9cole, charg\u00e9e de la direction p\u00e9dagogique de l&rsquo;\u00e9ducation artistique au Conservatoire de Lille, elle mettra en place des dispositifs de classes passerelles milieu scolaire\/enseignement sp\u00e9cialis\u00e9 de la musique dans les \u00e9coles lilloises. <\/p>\n\n\n\n<p>Depuis 2020, elle dirige l&rsquo;\u00e9cole de musique intercommunale de St Marcellin Vercors Is\u00e8re situ\u00e9e \u00e0 Vinay\/St Romans et met en \u0153uvre un projet p\u00e9dagogique fond\u00e9 sur le chant choral et la pratique d&rsquo;ensemble, et multiplie les actions en direction des cuivres.<\/p>\n\n\n\n<h2 class=\"wp-block-heading\">Bruno Rossero<\/h2>\n\n\n<div class=\"wp-block-image\">\n<figure class=\"aligncenter size-full\"><img loading=\"lazy\" decoding=\"async\" width=\"1000\" height=\"524\" src=\"https:\/\/emcu.fr\/wp-content\/uploads\/2024\/11\/emcu_concours2024-2025_jury1_03.jpg\" alt=\"\" class=\"wp-image-222\" srcset=\"https:\/\/emcu.fr\/wp-content\/uploads\/2024\/11\/emcu_concours2024-2025_jury1_03.jpg 1000w, https:\/\/emcu.fr\/wp-content\/uploads\/2024\/11\/emcu_concours2024-2025_jury1_03-300x157.jpg 300w, https:\/\/emcu.fr\/wp-content\/uploads\/2024\/11\/emcu_concours2024-2025_jury1_03-768x402.jpg 768w\" sizes=\"auto, (max-width: 1000px) 100vw, 1000px\" \/><\/figure>\n<\/div>\n\n\n<p>Directeur du <a href=\"https:\/\/www.facebook.com\/profile.php?id=100066562145376&amp;__cft__[0]=AZUr3bToet3aNDfiKK10qHVdPV6XNUOCHAnhK52iAUoUPlnWyUg4b5GeWHFkAMt3e2Pn1eo_bkGwKDpKfvYX444bgyB0kon2a-JSmNmE_RMK_zlcKrSgMh1HbjO4we4DlkytiFOiCvw_gYOwehYuQVmS8sjrEr7zW95sFPDpJmVbhLnGv_27kMr5owEOI_6rXfo&amp;__tn__=-]K-R\">Centre Musical Accords<\/a> (1982-2019). <\/p>\n\n\n\n<p>Fait ses \u00e9tudes musicales au CNR de Grenoble. Ilobtient un Prix r\u00e9gional en Trompette\/Cornet dans la classe de Christian PAULIN. Il est titulaire de 2 Dipl\u00f4mes d\u2019\u00e9tats d\u2019enseignement (Trompette\/Cornet et direction d\u2019orchestre). Il est \u00e9galement titulaire d\u2019une licence de musicologie et d\u2019un certificat de p\u00e9dagogie Musicale active Orff (J.Witack).<\/p>\n\n\n\n<p>En tant que directeur du C.M.A il est responsable des classes d\u2019orchestre de l\u2019\u00e9tablissement. Il organise de nombreuses tourn\u00e9es musicales en France et \u00e0 l\u2019\u00e9tranger avec les orchestres qu\u2019il dirige. (Pologne, Russie, Qu\u00e9bec, Michigan, Italie, Gr\u00e8ce\u2026).<\/p>\n\n\n\n<p>Il collabore aux actions soutenues par la fondation Am\u00e9ricaine <a href=\"https:\/\/www.facebook.com\/bluelakeofficial?__cft__[0]=AZUr3bToet3aNDfiKK10qHVdPV6XNUOCHAnhK52iAUoUPlnWyUg4b5GeWHFkAMt3e2Pn1eo_bkGwKDpKfvYX444bgyB0kon2a-JSmNmE_RMK_zlcKrSgMh1HbjO4we4DlkytiFOiCvw_gYOwehYuQVmS8sjrEr7zW95sFPDpJmVbhLnGv_27kMr5owEOI_6rXfo&amp;__tn__=-]K-R\">Blue Lake Fine Arts Camp<\/a> (Michigan U.S) depuis 1980. Dans ce cadre il dirige r\u00e9guli\u00e8rement, comme chef invit\u00e9, les formations participant aux projets internationaux de la fondation (camps musicaux, tourn\u00e9es de concerts, Blue Lake en France).<\/p>\n","protected":false},"excerpt":{"rendered":"<p>L&rsquo;ensemble E=mCu est fier de vous pr\u00e9senter les membres du Jury de pr\u00e9-s\u00e9lection et de la demi-finale de son premier concours de composition. Jean-Pierre Gonzalves &#8211; pr\u00e9sident du jury Natif de Marseille, Jean-Pierre GONZALVES a fait des \u00e9tudes au Conservatoire de Marseille dans les classes de Messieurs Andr\u00e9 BERNARD et Robert DJAMOUSSIAN, o\u00f9 il obtient des m\u00e9dailles d&rsquo;or de trompette, cornet et ensemble de musique instrumentale avec un prix de virtuosit\u00e9. Il poursuit ses \u00e9tudes au Conservatoire d&rsquo;Aubervilliers dans les classes de Messieurs Fr\u00e9d\u00e9ric et Andr\u00e9 PRESLE o\u00f9 il obtient des premiers prix de trompette et formation musicale. C&rsquo;est dans la classe de Pierre DUTOT, au Conservatoire National Sup\u00e9rieur de Musique et de Danse de Lyon, qu&rsquo;il termine ses \u00e9tudes en obtenant un Dipl\u00f4me National d\u2019\u00c9tudes Sup\u00e9rieures Musicales avec Mention. Apr\u00e8s avoir \u00e9t\u00e9 l\u2019assistant de Pierre DUTOT de 1990 \u00e0 1995 \u00e0 l\u2019\u00c9cole Nationale de Musique de Villeurbanne, il est nomm\u00e9 Professeur de trompette au Conservatoire \u00e0 rayonnement r\u00e9gional de Grenoble (de 1995 \u00e0 2012). Actuellement professeur de trompette et coordinateur du d\u00e9partement des cuivres au @Conservatoire \u00e0 Rayonnement R\u00e9gional de Nice, il dirige \u00e9galement le Grand Ensemble de Cuivres et Percussions de cet \u00e9tablissement. Sa carri\u00e8re d&rsquo;interpr\u00e8te l&rsquo;a conduit<a href=\"https:\/\/emcu.fr\/index.php\/concours-de-composition\/le-jury-de-pre-selection-et-demi-finale\/\" class=\"more-link\"><span class=\"readmore\">Lire plus&#8230;<span class=\"screen-reader-text\">Le Jury de pr\u00e9-s\u00e9lection et demi finale<\/span><\/span><\/a><\/p>\n","protected":false},"author":1,"featured_media":0,"parent":112,"menu_order":0,"comment_status":"closed","ping_status":"closed","template":"","meta":{"footnotes":""},"class_list":["post-221","page","type-page","status-publish","hentry"],"_links":{"self":[{"href":"https:\/\/emcu.fr\/index.php\/wp-json\/wp\/v2\/pages\/221","targetHints":{"allow":["GET"]}}],"collection":[{"href":"https:\/\/emcu.fr\/index.php\/wp-json\/wp\/v2\/pages"}],"about":[{"href":"https:\/\/emcu.fr\/index.php\/wp-json\/wp\/v2\/types\/page"}],"author":[{"embeddable":true,"href":"https:\/\/emcu.fr\/index.php\/wp-json\/wp\/v2\/users\/1"}],"replies":[{"embeddable":true,"href":"https:\/\/emcu.fr\/index.php\/wp-json\/wp\/v2\/comments?post=221"}],"version-history":[{"count":2,"href":"https:\/\/emcu.fr\/index.php\/wp-json\/wp\/v2\/pages\/221\/revisions"}],"predecessor-version":[{"id":237,"href":"https:\/\/emcu.fr\/index.php\/wp-json\/wp\/v2\/pages\/221\/revisions\/237"}],"up":[{"embeddable":true,"href":"https:\/\/emcu.fr\/index.php\/wp-json\/wp\/v2\/pages\/112"}],"wp:attachment":[{"href":"https:\/\/emcu.fr\/index.php\/wp-json\/wp\/v2\/media?parent=221"}],"curies":[{"name":"wp","href":"https:\/\/api.w.org\/{rel}","templated":true}]}}