{"id":236,"date":"2024-11-15T10:48:58","date_gmt":"2024-11-15T09:48:58","guid":{"rendered":"https:\/\/emcu.fr\/?page_id=236"},"modified":"2024-11-15T10:51:16","modified_gmt":"2024-11-15T09:51:16","slug":"le-jury-de-la-finale","status":"publish","type":"page","link":"https:\/\/emcu.fr\/index.php\/concours-de-composition\/le-jury-de-la-finale\/","title":{"rendered":"Le Jury de la finale"},"content":{"rendered":"\n<p>L&rsquo;ensemble E=mCu est fier de vous pr\u00e9senter les membres du Jury de la finale de son premier concours de composition, qui aura lieu le samedi 24 mai 2025 \u00e0 19h, dans l&rsquo;auditorium du Diapason de St Marcellin (38).<\/p>\n\n\n\n<h2 class=\"wp-block-heading\">Claude Kesmaecker &#8211; pr\u00e9sident du jury<\/h2>\n\n\n<div class=\"wp-block-image\">\n<figure class=\"aligncenter size-full\"><img loading=\"lazy\" decoding=\"async\" width=\"1000\" height=\"524\" src=\"https:\/\/emcu.fr\/wp-content\/uploads\/2024\/11\/jury2025_CKesmaecker.jpg\" alt=\"\" class=\"wp-image-233\" srcset=\"https:\/\/emcu.fr\/wp-content\/uploads\/2024\/11\/jury2025_CKesmaecker.jpg 1000w, https:\/\/emcu.fr\/wp-content\/uploads\/2024\/11\/jury2025_CKesmaecker-300x157.jpg 300w, https:\/\/emcu.fr\/wp-content\/uploads\/2024\/11\/jury2025_CKesmaecker-768x402.jpg 768w\" sizes=\"auto, (max-width: 1000px) 100vw, 1000px\" \/><\/figure>\n<\/div>\n\n\n<p>R\u00e9compens\u00e9 de trois Premiers Prix au Conservatoire National Sup\u00e9rieur de Musique de Paris, Claude KESMAECKER remporte en outre le Premier Prix du Concours International de chef d&rsquo;Orchestre de Kerkrade (Pays-Bas). Il d\u00e9cide alors d&rsquo;orienter sa carri\u00e8re vers les orchestres \u00e0 vent.<\/p>\n\n\n\n<p>Auteur de nombreuses adaptations pour orchestre d&rsquo;harmonie, il a r\u00e9alis\u00e9 une quinzaine d\u2019enregistrements consacr\u00e9s notamment \u00e0 ses adaptations d&rsquo;\u0153uvres concertantes, aux c\u00f4t\u00e9s de Michel BECQUET, \u00c9ric AUBIER et Patrice MILLISCHER.<\/p>\n\n\n\n<p>Soucieux de contribuer \u00e0 l&rsquo;\u00e9largissement du r\u00e9pertoire, il est souvent sollicit\u00e9 pour des projets et cr\u00e9ations avec l&rsquo;Orchestre d&rsquo;Harmonie de la Musique de l&rsquo;Air, qu&rsquo;il dirige depuis 2005. Avec cet orchestre, il a institu\u00e9 un partenariat avec le Conservatoire National Sup\u00e9rieur de Musique et de Danse de Paris (CNSMDP) en permettant \u00e0 de jeunes \u00e9tudiants d&rsquo;int\u00e9grer, dans le cadre de leur scolarit\u00e9, l&rsquo;orchestre pour quelques concerts et en invitant un laur\u00e9at \u00e0 se produire en soliste \u00e0 l&rsquo;issue de son cursus.<\/p>\n\n\n\n<p>Claude KESMAECKER a dirig\u00e9 de prestigieuses formations fran\u00e7aises parmi lesquelles l&rsquo;Orchestre du CNSMD de Paris, l&rsquo;Orchestre Pasdeloup ou encore l&rsquo;Orchestre Colonne. Il se produit \u00e9galement \u00e0 travers l&rsquo;Europe et diffuse ainsi la musique consacr\u00e9e aux orchestres \u00e0 vent. Souhaitant s&rsquo;investir dans la formation de chefs d&rsquo;orchestre, il participe \u00e0 des masters classes et \u00e0 des stages dans les r\u00e9gions Pays de la Loire et Auvergne-Rh\u00f4ne-Alpes.<\/p>\n\n\n\n<h2 class=\"wp-block-heading\">Marc Andr\u00e9<\/h2>\n\n\n<div class=\"wp-block-image\">\n<figure class=\"aligncenter size-full\"><img loading=\"lazy\" decoding=\"async\" width=\"1000\" height=\"524\" src=\"https:\/\/emcu.fr\/wp-content\/uploads\/2024\/11\/Jury2025_MAndre.jpg\" alt=\"\" class=\"wp-image-234\" srcset=\"https:\/\/emcu.fr\/wp-content\/uploads\/2024\/11\/Jury2025_MAndre.jpg 1000w, https:\/\/emcu.fr\/wp-content\/uploads\/2024\/11\/Jury2025_MAndre-300x157.jpg 300w, https:\/\/emcu.fr\/wp-content\/uploads\/2024\/11\/Jury2025_MAndre-768x402.jpg 768w\" sizes=\"auto, (max-width: 1000px) 100vw, 1000px\" \/><\/figure>\n<\/div>\n\n\n<p>Originaire des Hautes-Pyr\u00e9n\u00e9es, Marc ANDR\u00c9 est membre de la Musique de la Garde R\u00e9publicaine depuis 2007.<br>Apr\u00e8s l&rsquo;obtention d&rsquo;une licence de musicologie, de ses prix et dipl\u00f4mes d\u2019\u00e9tudes musicales de tuba et de formation musicale au Conservatoire \u00e0 Rayonnement R\u00e9gional de Toulouse en 2006, il monte \u00e0 la capitale se perfectionner dans des conservatoires de la ville de Paris aupr\u00e8s d\u2019Ivan Milhet notamment. <\/p>\n\n\n\n<p>Sp\u00e9cialiste du saxhorn basse, il pratique \u00e9galement le saxhorn alto au sein du Paris Brass Band, mais aussi le saxhorn baryton, le flugabone, le trombone ou encore le sousaphone dans diff\u00e9rents groupes de la r\u00e9gion parisienne et toulousaine (les Pourquoi Pas Paris, le Toulouse Wind Orchestra&#8230;).<\/p>\n\n\n\n<p>R\u00e9guli\u00e8rement sollicit\u00e9 pour r\u00e9aliser des arrangements pour des formations vari\u00e9es (orchestres d\u2019harmonie, brass bands, groupes de musique de chambre, groupes de funk ou encore bandas&#8230;), Marc est l\u2019arrangeur du quintette animation de la Musique de la Garde r\u00e9publicaine depuis sa fondation.<\/p>\n\n\n\n<p>\u00c9galement professeur de formation musicale, de tuba, de trombone et directeur musical de l&rsquo;orchestre d\u2019harmonie de Crosne (91) de 2011 \u00e0 2019. Il occupe \u00e0 compter depuis septembre 2019 le poste de chef d\u2019orchestre et directeur artistique de l\u2019Harmonie municipale de Maisons-Alfort (94).<\/p>\n\n\n\n<h2 class=\"wp-block-heading\">Stephanie Kennedy (\u00a0artiste <a href=\"https:\/\/www.facebook.com\/MercerBarker?__tn__=-]K*F\">Mercer &amp; Barker Ltd<\/a> )<\/h2>\n\n\n<div class=\"wp-block-image\">\n<figure class=\"aligncenter size-full\"><img loading=\"lazy\" decoding=\"async\" width=\"1000\" height=\"524\" src=\"https:\/\/emcu.fr\/wp-content\/uploads\/2024\/11\/Jury2025_SKennedy.jpg\" alt=\"\" class=\"wp-image-235\" srcset=\"https:\/\/emcu.fr\/wp-content\/uploads\/2024\/11\/Jury2025_SKennedy.jpg 1000w, https:\/\/emcu.fr\/wp-content\/uploads\/2024\/11\/Jury2025_SKennedy-300x157.jpg 300w, https:\/\/emcu.fr\/wp-content\/uploads\/2024\/11\/Jury2025_SKennedy-768x402.jpg 768w\" sizes=\"auto, (max-width: 1000px) 100vw, 1000px\" \/><\/figure>\n<\/div>\n\n\n<p>Stephanie Kennedy, une artiste polyvalente, p\u00e9dagogue et chef d&rsquo;orchestre, est actuellement bas\u00e9e \u00e0 Glasgow. Connue comme la bugle solo pour le brassband champion \u00e9cossais 2024, \u00ab le Cooperation Band \u00bb, elle a eu l&rsquo;honneur de remporter le prix du meilleur bugleaux championnats \u00e9cossais pendant deux ann\u00e9es cons\u00e9cutives. Elle est artiste interpr\u00e8te pour Geneva Instruments, jouant exclusivement sur un Geneva Cardinal, ainsi qu&rsquo;artiste interpr\u00e8te pour Mercer &amp; Barker.<\/p>\n\n\n\n<p>Le parcours \u00e9ducatif de St\u00e9phanie a commenc\u00e9 par des \u00e9tudes de trompette au Royal Conservatoire of Scotland, suivies d&rsquo;\u00e9tudes avanc\u00e9es \u00e0 la Royal Academy of Music \u00e0 Aarhus, au Danemark, sous la tutelle du Prof. Kristian Steenstrup, culminant par un Master en Musique et Performance Orchestrale.<\/p>\n\n\n\n<p>De retour \u00e0 Glasgow, St\u00e9phanie a \u00e9panoui sa carri\u00e8re multifacette, se lan\u00e7ant dans des performances, des activit\u00e9s de direction et d&rsquo;enseignement \u00e0 travers l&rsquo;\u00c9cosse. Elle collabore r\u00e9guli\u00e8rement avec des ensembles renomm\u00e9s tels que le BBC Scottish Symphony Orchestra, le Royal Scottish National Orchestra et l&rsquo;Orchestre de l&rsquo;Op\u00e9ra \u00e9cossais, tout en \u00e9tant \u00e9galement professeur de trompette au d\u00e9partement des jeunes du Royal Conservatoire of Scotland.<\/p>\n\n\n\n<p>Originaire de Campbeltown, le parcours musical de Stephanie a commenc\u00e9 avec le Campbeltown Brass Band, un ensemble notable dans une r\u00e9gion recul\u00e9e, o\u00f9 elle a gravi les \u00e9chelons jusqu&rsquo;\u00e0 devenir cornet principal.<\/p>\n\n\n\n<p>En passant au Kirkintiloch Brass Band, elle s&rsquo;est distingu\u00e9e au repiano avant d&rsquo;assumer le r\u00f4le de cornet principal, guidant l&rsquo;orchestre vers de nombreuses victoires dans des comp\u00e9titions prestigieuses comme les Championnats d&rsquo;\u00c9cosse, le British Open et les Championnats Nationaux de Grande-Bretagne.<\/p>\n\n\n\n<p>L&rsquo;implication pr\u00e9coce de Stephanie avec le National Youth Brass Band of Scotland (NYBBS) d\u00e8s l&rsquo;\u00e2ge de 10 ans, marqu\u00e9e par des collaborations impactantes sous la direction de Richard Evans, comprenait une m\u00e9morable tourn\u00e9e au Japon en 2008. Ses contributions exceptionnelles l&rsquo;ont conduite \u00e0 \u00eatre la premi\u00e8re r\u00e9cipiendaire du prestigieux Philip McCann Cornet Award en prenant le poste de cornet principal.<\/p>\n\n\n\n<p>Le travail de Stephanie dans le domaine des disciplines musicales l&rsquo;a amen\u00e9e \u00e0 s&rsquo;aventurer dans le monde de la direction d&rsquo;orchestre, et en 2018, elle a pris la baguette de son brassband sa ville natale, Campbeltown Brass. Cela a culmin\u00e9 par la victoire au Championnat National de la Deuxi\u00e8me Section de Grande-Bretagne en 2022, apr\u00e8s une victoire dans la zone de qualification plus t\u00f4t cette ann\u00e9e-l\u00e0.<\/p>\n","protected":false},"excerpt":{"rendered":"<p>L&rsquo;ensemble E=mCu est fier de vous pr\u00e9senter les membres du Jury de la finale de son premier concours de composition, qui aura lieu le samedi 24 mai 2025 \u00e0 19h, dans l&rsquo;auditorium du Diapason de St Marcellin (38). Claude Kesmaecker &#8211; pr\u00e9sident du jury R\u00e9compens\u00e9 de trois Premiers Prix au Conservatoire National Sup\u00e9rieur de Musique de Paris, Claude KESMAECKER remporte en outre le Premier Prix du Concours International de chef d&rsquo;Orchestre de Kerkrade (Pays-Bas). Il d\u00e9cide alors d&rsquo;orienter sa carri\u00e8re vers les orchestres \u00e0 vent. Auteur de nombreuses adaptations pour orchestre d&rsquo;harmonie, il a r\u00e9alis\u00e9 une quinzaine d\u2019enregistrements consacr\u00e9s notamment \u00e0 ses adaptations d&rsquo;\u0153uvres concertantes, aux c\u00f4t\u00e9s de Michel BECQUET, \u00c9ric AUBIER et Patrice MILLISCHER. Soucieux de contribuer \u00e0 l&rsquo;\u00e9largissement du r\u00e9pertoire, il est souvent sollicit\u00e9 pour des projets et cr\u00e9ations avec l&rsquo;Orchestre d&rsquo;Harmonie de la Musique de l&rsquo;Air, qu&rsquo;il dirige depuis 2005. Avec cet orchestre, il a institu\u00e9 un partenariat avec le Conservatoire National Sup\u00e9rieur de Musique et de Danse de Paris (CNSMDP) en permettant \u00e0 de jeunes \u00e9tudiants d&rsquo;int\u00e9grer, dans le cadre de leur scolarit\u00e9, l&rsquo;orchestre pour quelques concerts et en invitant un laur\u00e9at \u00e0 se produire en soliste \u00e0 l&rsquo;issue de son cursus. Claude KESMAECKER a dirig\u00e9<a href=\"https:\/\/emcu.fr\/index.php\/concours-de-composition\/le-jury-de-la-finale\/\" class=\"more-link\"><span class=\"readmore\">Lire plus&#8230;<span class=\"screen-reader-text\">Le Jury de la finale<\/span><\/span><\/a><\/p>\n","protected":false},"author":1,"featured_media":233,"parent":112,"menu_order":0,"comment_status":"closed","ping_status":"closed","template":"","meta":{"footnotes":""},"class_list":["post-236","page","type-page","status-publish","has-post-thumbnail","hentry"],"_links":{"self":[{"href":"https:\/\/emcu.fr\/index.php\/wp-json\/wp\/v2\/pages\/236","targetHints":{"allow":["GET"]}}],"collection":[{"href":"https:\/\/emcu.fr\/index.php\/wp-json\/wp\/v2\/pages"}],"about":[{"href":"https:\/\/emcu.fr\/index.php\/wp-json\/wp\/v2\/types\/page"}],"author":[{"embeddable":true,"href":"https:\/\/emcu.fr\/index.php\/wp-json\/wp\/v2\/users\/1"}],"replies":[{"embeddable":true,"href":"https:\/\/emcu.fr\/index.php\/wp-json\/wp\/v2\/comments?post=236"}],"version-history":[{"count":1,"href":"https:\/\/emcu.fr\/index.php\/wp-json\/wp\/v2\/pages\/236\/revisions"}],"predecessor-version":[{"id":238,"href":"https:\/\/emcu.fr\/index.php\/wp-json\/wp\/v2\/pages\/236\/revisions\/238"}],"up":[{"embeddable":true,"href":"https:\/\/emcu.fr\/index.php\/wp-json\/wp\/v2\/pages\/112"}],"wp:featuredmedia":[{"embeddable":true,"href":"https:\/\/emcu.fr\/index.php\/wp-json\/wp\/v2\/media\/233"}],"wp:attachment":[{"href":"https:\/\/emcu.fr\/index.php\/wp-json\/wp\/v2\/media?parent=236"}],"curies":[{"name":"wp","href":"https:\/\/api.w.org\/{rel}","templated":true}]}}