{"id":245,"date":"2024-11-30T14:11:19","date_gmt":"2024-11-30T13:11:19","guid":{"rendered":"https:\/\/emcu.fr\/?page_id=245"},"modified":"2024-11-30T14:11:20","modified_gmt":"2024-11-30T13:11:20","slug":"nous-soutenir","status":"publish","type":"page","link":"https:\/\/emcu.fr\/index.php\/nous-soutenir\/","title":{"rendered":"Nous soutenir"},"content":{"rendered":"\n<p>L&rsquo;association E=mCu \u00e9tant reconnu d&rsquo;utilit\u00e9 publique, un don pour nous soutenir peut-\u00eatre d\u00e9fiscalis\u00e9 \u00e0 hauteur de 66%. par exemple, un don de 200\u00a0euros assure au donateur une r\u00e9duction d&rsquo;imp\u00f4t de 132\u00a0euros.<\/p>\n\n\n\n<p>Pour nous soutenir, il suffit de faire un don via la plateforme <a href=\"https:\/\/www.helloasso.com\/associations\/grand-ensemble-de-cuivres-et-percussions-e-mcu\/formulaires\/2\">HelloAsso <\/a>: <\/p>\n\n\n\n<iframe id=\"haWidget\" allowtransparency=\"true\" scrolling=\"auto\" src=\"https:\/\/www.helloasso.com\/associations\/grand-ensemble-de-cuivres-et-percussions-e-mcu\/formulaires\/2\/widget\" style=\"width: 100%; height: 750px; border: none;\"><\/iframe>\n\n\n\n<p>Merci \u00e0 vous.<\/p>\n","protected":false},"excerpt":{"rendered":"<p>L&rsquo;association E=mCu \u00e9tant reconnu d&rsquo;utilit\u00e9 publique, un don pour nous soutenir peut-\u00eatre d\u00e9fiscalis\u00e9 \u00e0 hauteur de 66%. par exemple, un don de 200\u00a0euros assure au donateur une r\u00e9duction d&rsquo;imp\u00f4t de 132\u00a0euros. Pour nous soutenir, il suffit de faire un don via la plateforme HelloAsso : Merci \u00e0 vous.<\/p>\n","protected":false},"author":1,"featured_media":0,"parent":0,"menu_order":0,"comment_status":"closed","ping_status":"closed","template":"","meta":{"footnotes":""},"class_list":["post-245","page","type-page","status-publish","hentry"],"_links":{"self":[{"href":"https:\/\/emcu.fr\/index.php\/wp-json\/wp\/v2\/pages\/245","targetHints":{"allow":["GET"]}}],"collection":[{"href":"https:\/\/emcu.fr\/index.php\/wp-json\/wp\/v2\/pages"}],"about":[{"href":"https:\/\/emcu.fr\/index.php\/wp-json\/wp\/v2\/types\/page"}],"author":[{"embeddable":true,"href":"https:\/\/emcu.fr\/index.php\/wp-json\/wp\/v2\/users\/1"}],"replies":[{"embeddable":true,"href":"https:\/\/emcu.fr\/index.php\/wp-json\/wp\/v2\/comments?post=245"}],"version-history":[{"count":2,"href":"https:\/\/emcu.fr\/index.php\/wp-json\/wp\/v2\/pages\/245\/revisions"}],"predecessor-version":[{"id":247,"href":"https:\/\/emcu.fr\/index.php\/wp-json\/wp\/v2\/pages\/245\/revisions\/247"}],"wp:attachment":[{"href":"https:\/\/emcu.fr\/index.php\/wp-json\/wp\/v2\/media?parent=245"}],"curies":[{"name":"wp","href":"https:\/\/api.w.org\/{rel}","templated":true}]}}