{"id":29,"date":"2024-06-05T15:25:20","date_gmt":"2024-06-05T13:25:20","guid":{"rendered":"http:\/\/emcu.fr\/?page_id=29"},"modified":"2024-06-05T16:51:04","modified_gmt":"2024-06-05T14:51:04","slug":"qui-sommes-nous-2","status":"publish","type":"page","link":"https:\/\/emcu.fr\/index.php\/qui-sommes-nous-2\/","title":{"rendered":"Qui sommes nous ?"},"content":{"rendered":"\n<p>E=mCu est un grand ensemble de cuivres et percussions cr\u00e9\u00e9 en juin 2012 dans la r\u00e9gion Grenobloise.<\/p>\n\n\n\n<p>Cet ensemble, constitu\u00e9 d&rsquo;une vingtaine de musiciens professionnels ainsi que de bons amateurs de la r\u00e9gion, d\u00e9fend la formation de type \u201c\u00e0 la fran\u00e7aise\u201d : trompettes, cors, trombones, euphonium, tubas et percussions.<\/p>\n\n\n\n<p>L&rsquo;ensemble des musiciens sont b\u00e9n\u00e9voles.<\/p>\n\n\n\n<p>Il propose un r\u00e9pertoire vari\u00e9 allant d\u2019adaptations d\u2019\u0153uvres symphoniques, de pi\u00e8ces originales ou encore de musique latine, musiques de films afin de faire d\u00e9couvrir les cuivres et percussions sous diff\u00e9rentes facettes aux plus jeunes ou aux moins jeunes&#8230;<\/p>\n","protected":false},"excerpt":{"rendered":"<p>E=mCu est un grand ensemble de cuivres et percussions cr\u00e9\u00e9 en juin 2012 dans la r\u00e9gion Grenobloise. Cet ensemble, constitu\u00e9 d&rsquo;une vingtaine de musiciens professionnels ainsi que de bons amateurs de la r\u00e9gion, d\u00e9fend la formation de type \u201c\u00e0 la fran\u00e7aise\u201d : trompettes, cors, trombones, euphonium, tubas et percussions. L&rsquo;ensemble des musiciens sont b\u00e9n\u00e9voles. Il propose un r\u00e9pertoire vari\u00e9 allant d\u2019adaptations d\u2019\u0153uvres symphoniques, de pi\u00e8ces originales ou encore de musique latine, musiques de films afin de faire d\u00e9couvrir les cuivres et percussions sous diff\u00e9rentes facettes aux plus jeunes ou aux moins jeunes&#8230;<\/p>\n","protected":false},"author":1,"featured_media":0,"parent":0,"menu_order":0,"comment_status":"closed","ping_status":"closed","template":"","meta":{"footnotes":""},"class_list":["post-29","page","type-page","status-publish","hentry"],"_links":{"self":[{"href":"https:\/\/emcu.fr\/index.php\/wp-json\/wp\/v2\/pages\/29","targetHints":{"allow":["GET"]}}],"collection":[{"href":"https:\/\/emcu.fr\/index.php\/wp-json\/wp\/v2\/pages"}],"about":[{"href":"https:\/\/emcu.fr\/index.php\/wp-json\/wp\/v2\/types\/page"}],"author":[{"embeddable":true,"href":"https:\/\/emcu.fr\/index.php\/wp-json\/wp\/v2\/users\/1"}],"replies":[{"embeddable":true,"href":"https:\/\/emcu.fr\/index.php\/wp-json\/wp\/v2\/comments?post=29"}],"version-history":[{"count":2,"href":"https:\/\/emcu.fr\/index.php\/wp-json\/wp\/v2\/pages\/29\/revisions"}],"predecessor-version":[{"id":56,"href":"https:\/\/emcu.fr\/index.php\/wp-json\/wp\/v2\/pages\/29\/revisions\/56"}],"wp:attachment":[{"href":"https:\/\/emcu.fr\/index.php\/wp-json\/wp\/v2\/media?parent=29"}],"curies":[{"name":"wp","href":"https:\/\/api.w.org\/{rel}","templated":true}]}}